{"id":887,"date":"2023-08-21T16:09:43","date_gmt":"2023-08-21T07:09:43","guid":{"rendered":"https:\/\/fujibr-billionconcept.com\/jp\/?page_id=887"},"modified":"2024-02-10T05:35:54","modified_gmt":"2024-02-09T20:35:54","slug":"pcb","status":"publish","type":"page","link":"https:\/\/fujibr-billionconcept.com\/jp\/pcb\/","title":{"rendered":"\u96fb\u5b50\u57fa\u677f"},"content":{"rendered":"\n<h2 class=\"wp-block-heading has-text-align-center\">\u96fb\u5b50\u57fa\u677f\u4e00\u89a7<\/h2>\n\n\n\n<div class=\"wp-block-columns vk-cols vk-cols--fitbnrs is-layout-flex wp-container-core-columns-is-layout-9d6595d7 wp-block-columns-is-layout-flex\">\n<div class=\"wp-block-column is-layout-flow wp-block-column-is-layout-flow\" style=\"padding-bottom:2em\">\n<div class=\"wp-block-cover is-light wp-duotone-unset-1\" style=\"min-height:300px;aspect-ratio:unset;\"><span aria-hidden=\"true\" class=\"wp-block-cover__background has-black-background-color has-background-dim-10 has-background-dim\"><\/span><img loading=\"lazy\" decoding=\"async\" width=\"1500\" height=\"2000\" class=\"wp-block-cover__image-background wp-image-1206\" alt=\"\" src=\"https:\/\/fujibr-billionconcept.com\/jp\/wp-content\/uploads\/2023\/08\/\u57fa\u677f-1.png\" data-object-fit=\"cover\" srcset=\"https:\/\/fujibr-billionconcept.com\/jp\/wp-content\/uploads\/2023\/08\/\u57fa\u677f-1.png 1500w, https:\/\/fujibr-billionconcept.com\/jp\/wp-content\/uploads\/2023\/08\/\u57fa\u677f-1-225x300.png 225w, https:\/\/fujibr-billionconcept.com\/jp\/wp-content\/uploads\/2023\/08\/\u57fa\u677f-1-768x1024.png 768w, https:\/\/fujibr-billionconcept.com\/jp\/wp-content\/uploads\/2023\/08\/\u57fa\u677f-1-1152x1536.png 1152w\" sizes=\"auto, (max-width: 1500px) 100vw, 1500px\" \/><div class=\"wp-block-cover__inner-container is-layout-flow wp-block-cover-is-layout-flow\">\n<p><\/p>\n<\/div><\/div>\n\n\n\n<p class=\"has-text-align-center\">\u30d1\u30c1\u30b9\u30ed\u7528\u57fa\u677f<\/p>\n<\/div>\n\n\n\n<div class=\"wp-block-column is-layout-flow wp-block-column-is-layout-flow\" style=\"padding-bottom:2em\">\n<div class=\"wp-block-cover is-light wp-duotone-unset-2\" style=\"min-height:300px;aspect-ratio:unset;\"><span aria-hidden=\"true\" class=\"wp-block-cover__background has-black-background-color has-background-dim-10 has-background-dim\"><\/span><img loading=\"lazy\" decoding=\"async\" width=\"1500\" height=\"2000\" class=\"wp-block-cover__image-background wp-image-1207\" alt=\"\" src=\"https:\/\/fujibr-billionconcept.com\/jp\/wp-content\/uploads\/2023\/08\/2-4.png\" data-object-fit=\"cover\" srcset=\"https:\/\/fujibr-billionconcept.com\/jp\/wp-content\/uploads\/2023\/08\/2-4.png 1500w, https:\/\/fujibr-billionconcept.com\/jp\/wp-content\/uploads\/2023\/08\/2-4-225x300.png 225w, https:\/\/fujibr-billionconcept.com\/jp\/wp-content\/uploads\/2023\/08\/2-4-768x1024.png 768w, https:\/\/fujibr-billionconcept.com\/jp\/wp-content\/uploads\/2023\/08\/2-4-1152x1536.png 1152w\" sizes=\"auto, (max-width: 1500px) 100vw, 1500px\" \/><div class=\"wp-block-cover__inner-container is-layout-flow wp-block-cover-is-layout-flow\">\n<p class=\"has-text-align-center has-large-font-size\"><\/p>\n<\/div><\/div>\n\n\n\n<p class=\"has-text-align-center\">\u30d6\u30e9\u30b7\u30ec\u30b9\u30e2\u30fc\u30bf\u30fc\u7528\u57fa\u677f<\/p>\n<\/div>\n\n\n\n<div class=\"wp-block-column is-layout-flow wp-block-column-is-layout-flow\" style=\"padding-bottom:2em\">\n<div class=\"wp-block-cover is-light wp-duotone-unset-3\" style=\"min-height:300px;aspect-ratio:unset;\"><span aria-hidden=\"true\" class=\"wp-block-cover__background has-black-background-color has-background-dim-10 has-background-dim\"><\/span><img loading=\"lazy\" decoding=\"async\" width=\"1500\" height=\"2000\" class=\"wp-block-cover__image-background wp-image-1208\" alt=\"\" src=\"https:\/\/fujibr-billionconcept.com\/jp\/wp-content\/uploads\/2023\/08\/3-3.png\" data-object-fit=\"cover\" srcset=\"https:\/\/fujibr-billionconcept.com\/jp\/wp-content\/uploads\/2023\/08\/3-3.png 1500w, https:\/\/fujibr-billionconcept.com\/jp\/wp-content\/uploads\/2023\/08\/3-3-225x300.png 225w, https:\/\/fujibr-billionconcept.com\/jp\/wp-content\/uploads\/2023\/08\/3-3-768x1024.png 768w, https:\/\/fujibr-billionconcept.com\/jp\/wp-content\/uploads\/2023\/08\/3-3-1152x1536.png 1152w\" sizes=\"auto, (max-width: 1500px) 100vw, 1500px\" \/><div class=\"wp-block-cover__inner-container is-layout-flow wp-block-cover-is-layout-flow\">\n<p class=\"has-text-align-center has-large-font-size\"><\/p>\n<\/div><\/div>\n\n\n\n<p class=\"has-text-align-center\">\u8abf\u7406\u5668\u5177\u7528\u96fb\u5b50\u57fa\u677f<\/p>\n<\/div>\n<\/div>\n\n\n\n<div class=\"wp-block-columns vk-cols vk-cols--fitbnrs is-layout-flex wp-container-core-columns-is-layout-9d6595d7 wp-block-columns-is-layout-flex\">\n<div class=\"wp-block-column is-layout-flow wp-block-column-is-layout-flow\" style=\"padding-bottom:2em\">\n<div class=\"wp-block-cover is-light wp-duotone-unset-4\" style=\"min-height:300px;aspect-ratio:unset;\"><span aria-hidden=\"true\" class=\"wp-block-cover__background has-black-background-color has-background-dim-10 has-background-dim\"><\/span><img loading=\"lazy\" decoding=\"async\" width=\"1500\" height=\"2000\" class=\"wp-block-cover__image-background wp-image-1211\" alt=\"\" src=\"https:\/\/fujibr-billionconcept.com\/jp\/wp-content\/uploads\/2023\/08\/\u540d\u79f0\u672a\u8a2d\u5b9a-1000-\u00d7-900-px-1800-\u00d7-900-px-1500-\u00d7-2000-px.png\" data-object-fit=\"cover\" srcset=\"https:\/\/fujibr-billionconcept.com\/jp\/wp-content\/uploads\/2023\/08\/\u540d\u79f0\u672a\u8a2d\u5b9a-1000-\u00d7-900-px-1800-\u00d7-900-px-1500-\u00d7-2000-px.png 1500w, https:\/\/fujibr-billionconcept.com\/jp\/wp-content\/uploads\/2023\/08\/\u540d\u79f0\u672a\u8a2d\u5b9a-1000-\u00d7-900-px-1800-\u00d7-900-px-1500-\u00d7-2000-px-225x300.png 225w, https:\/\/fujibr-billionconcept.com\/jp\/wp-content\/uploads\/2023\/08\/\u540d\u79f0\u672a\u8a2d\u5b9a-1000-\u00d7-900-px-1800-\u00d7-900-px-1500-\u00d7-2000-px-768x1024.png 768w, https:\/\/fujibr-billionconcept.com\/jp\/wp-content\/uploads\/2023\/08\/\u540d\u79f0\u672a\u8a2d\u5b9a-1000-\u00d7-900-px-1800-\u00d7-900-px-1500-\u00d7-2000-px-1152x1536.png 1152w\" sizes=\"auto, (max-width: 1500px) 100vw, 1500px\" \/><div class=\"wp-block-cover__inner-container is-layout-flow wp-block-cover-is-layout-flow\">\n<p><\/p>\n<\/div><\/div>\n\n\n\n<p class=\"has-text-align-center\">\u751f\u6d3b\u5bb6\u96fb\u7528\u57fa\u677f<\/p>\n<\/div>\n\n\n\n<div class=\"wp-block-column is-layout-flow wp-block-column-is-layout-flow\" style=\"padding-bottom:2em\">\n<div class=\"wp-block-cover is-light wp-duotone-unset-5\" style=\"min-height:300px;aspect-ratio:unset;\"><span aria-hidden=\"true\" class=\"wp-block-cover__background has-black-background-color has-background-dim-10 has-background-dim\"><\/span><img loading=\"lazy\" decoding=\"async\" width=\"1500\" height=\"2000\" class=\"wp-block-cover__image-background wp-image-1209\" alt=\"\" src=\"https:\/\/fujibr-billionconcept.com\/jp\/wp-content\/uploads\/2023\/08\/4-3.png\" data-object-fit=\"cover\" srcset=\"https:\/\/fujibr-billionconcept.com\/jp\/wp-content\/uploads\/2023\/08\/4-3.png 1500w, https:\/\/fujibr-billionconcept.com\/jp\/wp-content\/uploads\/2023\/08\/4-3-225x300.png 225w, https:\/\/fujibr-billionconcept.com\/jp\/wp-content\/uploads\/2023\/08\/4-3-768x1024.png 768w, https:\/\/fujibr-billionconcept.com\/jp\/wp-content\/uploads\/2023\/08\/4-3-1152x1536.png 1152w\" sizes=\"auto, (max-width: 1500px) 100vw, 1500px\" \/><div class=\"wp-block-cover__inner-container is-layout-flow wp-block-cover-is-layout-flow\">\n<p class=\"has-text-align-center has-large-font-size\"><\/p>\n<\/div><\/div>\n\n\n\n<p class=\"has-text-align-center\">Bluetooth\u7528\u57fa\u677f<\/p>\n<\/div>\n\n\n\n<div class=\"wp-block-column is-layout-flow wp-block-column-is-layout-flow\" style=\"padding-bottom:2em\">\n<div class=\"wp-block-cover is-light wp-duotone-unset-6\" style=\"min-height:300px;aspect-ratio:unset;\"><span aria-hidden=\"true\" class=\"wp-block-cover__background has-black-background-color has-background-dim-10 has-background-dim\"><\/span><img loading=\"lazy\" decoding=\"async\" width=\"1500\" height=\"2000\" class=\"wp-block-cover__image-background wp-image-1210\" alt=\"\" src=\"https:\/\/fujibr-billionconcept.com\/jp\/wp-content\/uploads\/2023\/08\/5-1-1.png\" data-object-fit=\"cover\" srcset=\"https:\/\/fujibr-billionconcept.com\/jp\/wp-content\/uploads\/2023\/08\/5-1-1.png 1500w, https:\/\/fujibr-billionconcept.com\/jp\/wp-content\/uploads\/2023\/08\/5-1-1-225x300.png 225w, https:\/\/fujibr-billionconcept.com\/jp\/wp-content\/uploads\/2023\/08\/5-1-1-768x1024.png 768w, https:\/\/fujibr-billionconcept.com\/jp\/wp-content\/uploads\/2023\/08\/5-1-1-1152x1536.png 1152w\" sizes=\"auto, (max-width: 1500px) 100vw, 1500px\" \/><div class=\"wp-block-cover__inner-container is-layout-flow wp-block-cover-is-layout-flow\">\n<p class=\"has-text-align-center has-large-font-size\"><\/p>\n<\/div><\/div>\n\n\n\n<p class=\"has-text-align-center\">\u8abf\u7406\u5668\u5177\u7528\u57fa\u677f<\/p>\n<\/div>\n<\/div>\n\n\n\n<div class=\"wp-block-columns vk-cols vk-cols--fitbnrs is-layout-flex wp-container-core-columns-is-layout-9d6595d7 wp-block-columns-is-layout-flex\">\n<div class=\"wp-block-column is-layout-flow wp-block-column-is-layout-flow\" style=\"padding-bottom:2em\">\n<div class=\"wp-block-cover wp-duotone-unset-7\" style=\"min-height:300px;aspect-ratio:unset;\"><span aria-hidden=\"true\" class=\"wp-block-cover__background has-black-background-color has-background-dim-10 has-background-dim\"><\/span><img loading=\"lazy\" decoding=\"async\" width=\"3651\" height=\"2738\" class=\"wp-block-cover__image-background wp-image-1330\" alt=\"\" src=\"https:\/\/fujibr-billionconcept.com\/jp\/wp-content\/uploads\/2024\/02\/3fe1c62a-60de-4a37-8547-81c4bf7bfdfd.png\" data-object-fit=\"cover\" srcset=\"https:\/\/fujibr-billionconcept.com\/jp\/wp-content\/uploads\/2024\/02\/3fe1c62a-60de-4a37-8547-81c4bf7bfdfd.png 3651w, https:\/\/fujibr-billionconcept.com\/jp\/wp-content\/uploads\/2024\/02\/3fe1c62a-60de-4a37-8547-81c4bf7bfdfd-300x225.png 300w, https:\/\/fujibr-billionconcept.com\/jp\/wp-content\/uploads\/2024\/02\/3fe1c62a-60de-4a37-8547-81c4bf7bfdfd-1024x768.png 1024w, https:\/\/fujibr-billionconcept.com\/jp\/wp-content\/uploads\/2024\/02\/3fe1c62a-60de-4a37-8547-81c4bf7bfdfd-768x576.png 768w, https:\/\/fujibr-billionconcept.com\/jp\/wp-content\/uploads\/2024\/02\/3fe1c62a-60de-4a37-8547-81c4bf7bfdfd-1536x1152.png 1536w, https:\/\/fujibr-billionconcept.com\/jp\/wp-content\/uploads\/2024\/02\/3fe1c62a-60de-4a37-8547-81c4bf7bfdfd-2048x1536.png 2048w\" sizes=\"auto, (max-width: 3651px) 100vw, 3651px\" \/><div class=\"wp-block-cover__inner-container is-layout-flow wp-block-cover-is-layout-flow\">\n<p><\/p>\n<\/div><\/div>\n\n\n\n<p class=\"has-text-align-center\">\u5145\u96fb\u5668\u7528\u57fa\u677f<\/p>\n<\/div>\n\n\n\n<div class=\"wp-block-column is-layout-flow wp-block-column-is-layout-flow\" style=\"padding-bottom:2em\">\n<div class=\"wp-block-cover wp-duotone-unset-8\" style=\"min-height:300px;aspect-ratio:unset;\"><span aria-hidden=\"true\" class=\"wp-block-cover__background has-black-background-color has-background-dim-10 has-background-dim\"><\/span><img loading=\"lazy\" decoding=\"async\" width=\"2738\" height=\"3651\" class=\"wp-block-cover__image-background wp-image-1332\" alt=\"\" src=\"https:\/\/fujibr-billionconcept.com\/jp\/wp-content\/uploads\/2024\/02\/26a6f5bd-9894-42da-91cc-3380a162854f.png\" style=\"object-position:52% 75%\" data-object-fit=\"cover\" data-object-position=\"52% 75%\" srcset=\"https:\/\/fujibr-billionconcept.com\/jp\/wp-content\/uploads\/2024\/02\/26a6f5bd-9894-42da-91cc-3380a162854f.png 2738w, https:\/\/fujibr-billionconcept.com\/jp\/wp-content\/uploads\/2024\/02\/26a6f5bd-9894-42da-91cc-3380a162854f-225x300.png 225w, https:\/\/fujibr-billionconcept.com\/jp\/wp-content\/uploads\/2024\/02\/26a6f5bd-9894-42da-91cc-3380a162854f-768x1024.png 768w, https:\/\/fujibr-billionconcept.com\/jp\/wp-content\/uploads\/2024\/02\/26a6f5bd-9894-42da-91cc-3380a162854f-1152x1536.png 1152w, https:\/\/fujibr-billionconcept.com\/jp\/wp-content\/uploads\/2024\/02\/26a6f5bd-9894-42da-91cc-3380a162854f-1536x2048.png 1536w\" sizes=\"auto, (max-width: 2738px) 100vw, 2738px\" \/><div class=\"wp-block-cover__inner-container is-layout-flow wp-block-cover-is-layout-flow\">\n<p class=\"has-text-align-center has-large-font-size\"><\/p>\n<\/div><\/div>\n\n\n\n<p class=\"has-text-align-center\">\u9ad8\u901f\u5145\u96fb\u5668\u7528\u57fa\u677f<\/p>\n<\/div>\n\n\n\n<div class=\"wp-block-column is-layout-flow wp-block-column-is-layout-flow\" style=\"padding-bottom:2em\">\n<p class=\"has-text-align-center\"><\/p>\n<\/div>\n<\/div>\n\n\n\n<div class=\"wp-block-vk-blocks-spacer vk_spacer vk_spacer-type-margin-top vk_block-margin-sm--margin-top vk_block-margin-sm--margin-bottom\"><div class=\"vk_block-margin-md--margin-top\"><\/div><\/div>\n\n\n\n<div class=\"wp-block-cover alignfull is-light vk_block-margin-lg--margin-top\" style=\"padding-top:0;padding-right:0;padding-bottom:0;padding-left:0;min-height:50px;aspect-ratio:unset;\"><span aria-hidden=\"true\" class=\"wp-block-cover__background has-background-dim\" style=\"background-color:#1d4946\"><\/span><img loading=\"lazy\" decoding=\"async\" width=\"2560\" height=\"1709\" class=\"wp-block-cover__image-background wp-image-616\" alt=\"\" src=\"https:\/\/fujibr-billionconcept.com\/jp\/wp-content\/uploads\/2023\/08\/scott-graham-5fNmWej4tAA-unsplash-scaled.jpg\" style=\"object-position:61% 48%\" data-object-fit=\"cover\" data-object-position=\"61% 48%\" srcset=\"https:\/\/fujibr-billionconcept.com\/jp\/wp-content\/uploads\/2023\/08\/scott-graham-5fNmWej4tAA-unsplash-scaled.jpg 2560w, https:\/\/fujibr-billionconcept.com\/jp\/wp-content\/uploads\/2023\/08\/scott-graham-5fNmWej4tAA-unsplash-300x200.jpg 300w, https:\/\/fujibr-billionconcept.com\/jp\/wp-content\/uploads\/2023\/08\/scott-graham-5fNmWej4tAA-unsplash-1024x683.jpg 1024w, https:\/\/fujibr-billionconcept.com\/jp\/wp-content\/uploads\/2023\/08\/scott-graham-5fNmWej4tAA-unsplash-768x513.jpg 768w, https:\/\/fujibr-billionconcept.com\/jp\/wp-content\/uploads\/2023\/08\/scott-graham-5fNmWej4tAA-unsplash-1536x1025.jpg 1536w, https:\/\/fujibr-billionconcept.com\/jp\/wp-content\/uploads\/2023\/08\/scott-graham-5fNmWej4tAA-unsplash-2048x1367.jpg 2048w\" sizes=\"auto, (max-width: 2560px) 100vw, 2560px\" \/><div class=\"wp-block-cover__inner-container is-layout-flow wp-block-cover-is-layout-flow\">\n<div class=\"wp-block-vk-blocks-spacer vk_spacer vk_spacer-type-height\"><div class=\"vk_block-margin-lg--height\"><\/div><\/div>\n\n\n\n<h2 class=\"wp-block-heading has-text-align-center is-style-vk-heading-plain vk_block-margin-0--margin-bottom has-white-color has-text-color\">\u304a\u554f\u3044\u5408\u308f\u305b<\/h2>\n\n\n\n<p class=\"has-text-align-center vk_block-margin-0--margin-bottom has-white-color has-text-color\">CONTACT<\/p>\n\n\n\n<div class=\"wp-block-vk-blocks-spacer vk_spacer vk_spacer-type-height\"><div class=\"vk_block-margin-md--height\"><\/div><\/div>\n\n\n\n<div class=\"wp-block-columns vk-size-radius vk_block-margin-0--margin-bottom vk_block-margin-0--margin-top has-white-background-color has-text-color has-background is-layout-flex wp-container-core-columns-is-layout-9d6595d7 wp-block-columns-is-layout-flex\" style=\"color:#333333\">\n<div class=\"wp-block-column is-vertically-aligned-center is-layout-flow wp-block-column-is-layout-flow\" style=\"flex-basis:66.66%\">\n<p class=\"vk-last-child-margin-bottom vk_block-margin-xs--margin-bottom\" style=\"font-size:1rem\">\u304a\u554f\u3044\u5408\u308f\u305b\u306e\u5185\u5bb9\u306b\u3088\u3063\u3066\u3001\u8fd4\u4fe1\u306b\u6642\u9593\u304c\u304b\u304b\u308b\u5834\u5408\u3084\u3001\u56de\u7b54\u3092\u5dee\u3057\u63a7\u3048\u3055\u305b\u3066\u3044\u305f\u3060\u304f\u5834\u5408\u3082\u3054\u3056\u3044\u307e\u3059\u4e8b\u3001\u4e88\u3081\u3054\u4e86\u627f\u304f\u3060\u3055\u3044\u3002<\/p>\n<\/div>\n\n\n\n<div class=\"wp-block-column is-vertically-aligned-center is-layout-flow wp-block-column-is-layout-flow\" style=\"flex-basis:33.33%\">\n<div class=\"wp-block-vk-blocks-button vk_button vk_button-color-custom vk_button-align-block\"><a href=\"https:\/\/fujibr-billionconcept.com\/jp\/index.php\/contact\/\" class=\"vk_button_link btn has-background has-vk-color-primary-background-color btn-lg btn-block\" role=\"button\" aria-pressed=\"true\" rel=\"noopener\"><div class=\"vk_button_link_caption\"><i class=\"far fa-envelope vk_button_link_before\" aria-hidden=\"true\"><\/i><span class=\"vk_button_link_txt\">Contact<\/span><\/div><\/a><\/div>\n<\/div>\n<\/div>\n\n\n\n<div class=\"wp-block-vk-blocks-spacer vk_spacer vk_spacer-type-height\"><div class=\"vk_block-margin-lg--height\"><\/div><\/div>\n<\/div><\/div>\n","protected":false},"excerpt":{"rendered":"<p>\u96fb\u5b50\u57fa\u677f\u4e00\u89a7 \u30d1\u30c1\u30b9\u30ed\u7528\u57fa\u677f \u30d6\u30e9\u30b7\u30ec\u30b9\u30e2\u30fc\u30bf\u30fc\u7528\u57fa\u677f \u8abf\u7406\u5668\u5177\u7528\u96fb\u5b50\u57fa\u677f \u751f\u6d3b\u5bb6\u96fb\u7528\u57fa\u677f Bluetooth\u7528\u57fa\u677f \u8abf\u7406\u5668\u5177\u7528\u57fa\u677f \u5145\u96fb\u5668\u7528\u57fa\u677f \u9ad8\u901f\u5145\u96fb\u5668\u7528\u57fa\u677f<\/p>\n","protected":false},"author":1,"featured_media":0,"parent":0,"menu_order":0,"comment_status":"closed","ping_status":"closed","template":"","meta":{"vkexunit_cta_each_option":"","footnotes":""},"class_list":["post-887","page","type-page","status-publish","hentry"],"_links":{"self":[{"href":"https:\/\/fujibr-billionconcept.com\/jp\/wp-json\/wp\/v2\/pages\/887","targetHints":{"allow":["GET"]}}],"collection":[{"href":"https:\/\/fujibr-billionconcept.com\/jp\/wp-json\/wp\/v2\/pages"}],"about":[{"href":"https:\/\/fujibr-billionconcept.com\/jp\/wp-json\/wp\/v2\/types\/page"}],"author":[{"embeddable":true,"href":"https:\/\/fujibr-billionconcept.com\/jp\/wp-json\/wp\/v2\/users\/1"}],"replies":[{"embeddable":true,"href":"https:\/\/fujibr-billionconcept.com\/jp\/wp-json\/wp\/v2\/comments?post=887"}],"version-history":[{"count":3,"href":"https:\/\/fujibr-billionconcept.com\/jp\/wp-json\/wp\/v2\/pages\/887\/revisions"}],"predecessor-version":[{"id":1333,"href":"https:\/\/fujibr-billionconcept.com\/jp\/wp-json\/wp\/v2\/pages\/887\/revisions\/1333"}],"wp:attachment":[{"href":"https:\/\/fujibr-billionconcept.com\/jp\/wp-json\/wp\/v2\/media?parent=887"}],"curies":[{"name":"wp","href":"https:\/\/api.w.org\/{rel}","templated":true}]}}